{"id":15127,"date":"2023-09-19T13:50:15","date_gmt":"2023-09-19T13:50:15","guid":{"rendered":"https:\/\/seydi.at\/?page_id=15127"},"modified":"2023-09-19T13:51:00","modified_gmt":"2023-09-19T13:51:00","slug":"impressum","status":"publish","type":"page","link":"https:\/\/seydi.at\/?page_id=15127","title":{"rendered":"Impressum"},"content":{"rendered":"\r\n<p><strong>SEYDI Kaminsanierungs und Bauprofi GmbH<\/strong><\/p>\r\n\r\n\r\n\r\n<p>&#8212;&#8212;&#8212;&#8212;&#8212;&#8212;&#8212;&#8212;&#8212;&#8212;&#8212;&#8212;&#8212;&#8212;&#8212;&#8212;-<\/p>\r\n\r\n\r\n\r\n<figure class=\"wp-block-table\">\r\n<table>\r\n<tbody>\r\n<tr>\r\n<td>Ratschkygasse 4<br \/>1120 Wien<br \/>\u00d6sterreich<br \/>Tel.: +43 (0) 1\/ 966 75 09<br \/>Fax: +43 (0) 1\/ 966 75 09-11<br \/>E-Mail: office@seydi.at<br \/>Internet: www.seydi.at<\/td>\r\n<td>Gesch\u00e4ftsf\u00fchrer: Ilgar Seydi<br \/>Gesch\u00e4ftsform: Gesellschaft mit beschr\u00e4nkter Haftung<br \/>Zust\u00e4ndige Kammer: Wirtschaftskammer Wien<br \/>Aufsichtsbeh\u00f6rde: Magistratisches Bezirksamt f\u00fcr den XII. Wiener Gemeindebezirk<br \/>Firmenbuch-Nummer: FN 208497 p<br \/>Firmenbuchgericht: Handelsgericht Wien<br \/>Umsatzsteuer-ID: ATU 51976704<\/td>\r\n<\/tr>\r\n<\/tbody>\r\n<\/table>\r\n<\/figure>\r\n\r\n\r\n\r\n<p><strong>Urheber- und Markenrecht<\/strong><br \/>Das Layout der Homepage, die verwendeten Grafiken und Bilder, die Sammlung, sowie einzelne Beitr\u00e4ge sind urheberrechtlich gesch\u00fctzt. Eine kommerzielle Verwertung der Inhalte und Weitergabe an Dritte, bedarf dem schriftlichen Einverst\u00e4ndnis, des Medieninhabers. Alle Rechte, auch die der fotomechanischen Wiedergabe, der Vervielf\u00e4ltigung und der Verbreitung mittels besonderer Verfahren (zum Beispiel Datenverarbeitung, Datentr\u00e4ger und Datennetze), auch teilweise, beh\u00e4lt sich der Medieninhaber vor.<\/p>\r\n\r\n\r\n\r\n<p><strong>Haftungsausschluss<\/strong><br \/>Diese Webseite enth\u00e4lt Informationen \u00fcber SEYDI Kaminsanierungs und Bauprofi GmbH und ihre Dienstleistungen und Produkte. Alle Inhalte dieser Webseite sind mit gro\u00dfer Sorgfalt erstellt worden. Dennoch ist nicht in jedem Fall auszuschlie\u00dfen, dass die zur Verf\u00fcgung gestellten Informationen veraltet, unvollst\u00e4ndig, oder fehlerhaft sind. Eine Haftung oder Garantie f\u00fcr die Aktualit\u00e4t, die Vollst\u00e4ndigkeit und die Richtigkeit der Informationen kann der Medieninhaber nicht \u00fcbernehmen.<br \/>Wenn Sie bestimmte Verkn\u00fcpfungen (Links) auf der SEYDI Kaminsanierungs und Bauprofi GmbH Webseite aktivieren, verlassen Sie unter Umst\u00e4nden die SEYDI Kaminsanierungs und Bauprofi GmbH Webseite. Der Medieninhaber \u00fcbernimmt f\u00fcr Inhalte, Angebote und Dienstleitungen der verlinkten Webseiten keine Verantwortung.<br \/><br \/><strong>Rechtswirksamkeit<\/strong><br \/>Dieser Haftungsausschluss ist Teil des Internetangebotes von SEYDI Kaminsanierungs und Bauprofi GmbH. Sofern einzelne Formulierungen oder Teile der geltenden Rechtslage nicht mehr oder nicht mehr vollst\u00e4ndig entsprechen, bleiben die \u00fcbrigen Teile dieser Erkl\u00e4rung davon unber\u00fchrt.<br \/><br \/><\/p>\r\n\r\n\r\n\r\n<p><a href=\"http:\/\/www.astramedia.com\/\" target=\"_blank\" rel=\"noreferrer noopener\"><strong><em>\u00a0<\/em><\/strong><\/a><\/p>\r\n","protected":false},"excerpt":{"rendered":"<p>SEYDI Kaminsanierungs und Bauprofi GmbH &#8212;&#8212;&#8212;&#8212;&#8212;&#8212;&#8212;&#8212;&#8212;&#8212;&#8212;&#8212;&#8212;&#8212;&#8212;&#8212;- Ratschkygasse 41120 Wien\u00d6sterreichTel.: +43 (0) 1\/ 966 75 09Fax: +43 (0) 1\/ 966 75 09-11E-Mail: office@seydi.atInternet: www.seydi.at Gesch\u00e4ftsf\u00fchrer: Ilgar SeydiGesch\u00e4ftsform: Gesellschaft mit beschr\u00e4nkter HaftungZust\u00e4ndige Kammer: Wirtschaftskammer WienAufsichtsbeh\u00f6rde: Magistratisches Bezirksamt f\u00fcr den XII. Wiener GemeindebezirkFirmenbuch-Nummer: FN 208497 pFirmenbuchgericht: Handelsgericht WienUmsatzsteuer-ID: ATU 51976704 Urheber- und MarkenrechtDas Layout der Homepage, die verwendeten&hellip;<\/p>\n","protected":false},"author":1,"featured_media":0,"parent":0,"menu_order":0,"comment_status":"closed","ping_status":"closed","template":"","meta":{"inline_featured_image":false,"footnotes":""},"class_list":["post-15127","page","type-page","status-publish","hentry","description-off"],"yoast_head":"<!-- This site is optimized with the Yoast SEO plugin v27.3 - https:\/\/yoast.com\/product\/yoast-seo-wordpress\/ -->\n<title>Impressum - Eildienst Seydi<\/title>\n<meta name=\"robots\" content=\"index, follow, max-snippet:-1, max-image-preview:large, max-video-preview:-1\" \/>\n<link rel=\"canonical\" href=\"https:\/\/seydi.at\/?page_id=15127\" \/>\n<meta property=\"og:locale\" content=\"de_DE\" \/>\n<meta property=\"og:type\" content=\"article\" \/>\n<meta property=\"og:title\" content=\"Impressum - Eildienst Seydi\" \/>\n<meta property=\"og:description\" content=\"SEYDI Kaminsanierungs und Bauprofi GmbH &#8212;&#8212;&#8212;&#8212;&#8212;&#8212;&#8212;&#8212;&#8212;&#8212;&#8212;&#8212;&#8212;&#8212;&#8212;&#8212;- Ratschkygasse 41120 Wien\u00d6sterreichTel.: +43 (0) 1\/ 966 75 09Fax: +43 (0) 1\/ 966 75 09-11E-Mail: office@seydi.atInternet: www.seydi.at Gesch\u00e4ftsf\u00fchrer: Ilgar SeydiGesch\u00e4ftsform: Gesellschaft mit beschr\u00e4nkter HaftungZust\u00e4ndige Kammer: Wirtschaftskammer WienAufsichtsbeh\u00f6rde: Magistratisches Bezirksamt f\u00fcr den XII. Wiener GemeindebezirkFirmenbuch-Nummer: FN 208497 pFirmenbuchgericht: Handelsgericht WienUmsatzsteuer-ID: ATU 51976704 Urheber- und MarkenrechtDas Layout der Homepage, die verwendeten&hellip;\" \/>\n<meta property=\"og:url\" content=\"https:\/\/seydi.at\/?page_id=15127\" \/>\n<meta property=\"og:site_name\" content=\"Eildienst Seydi\" \/>\n<meta property=\"article:modified_time\" content=\"2023-09-19T13:51:00+00:00\" \/>\n<meta name=\"twitter:card\" content=\"summary_large_image\" \/>\n<meta name=\"twitter:label1\" content=\"Gesch\u00e4tzte Lesezeit\" \/>\n\t<meta name=\"twitter:data1\" content=\"1\u00a0Minute\" \/>\n<script type=\"application\/ld+json\" class=\"yoast-schema-graph\">{\"@context\":\"https:\\\/\\\/schema.org\",\"@graph\":[{\"@type\":\"WebPage\",\"@id\":\"https:\\\/\\\/seydi.at\\\/?page_id=15127\",\"url\":\"https:\\\/\\\/seydi.at\\\/?page_id=15127\",\"name\":\"Impressum - Eildienst Seydi\",\"isPartOf\":{\"@id\":\"https:\\\/\\\/seydi.at\\\/#website\"},\"datePublished\":\"2023-09-19T13:50:15+00:00\",\"dateModified\":\"2023-09-19T13:51:00+00:00\",\"breadcrumb\":{\"@id\":\"https:\\\/\\\/seydi.at\\\/?page_id=15127#breadcrumb\"},\"inLanguage\":\"de\",\"potentialAction\":[{\"@type\":\"ReadAction\",\"target\":[\"https:\\\/\\\/seydi.at\\\/?page_id=15127\"]}]},{\"@type\":\"BreadcrumbList\",\"@id\":\"https:\\\/\\\/seydi.at\\\/?page_id=15127#breadcrumb\",\"itemListElement\":[{\"@type\":\"ListItem\",\"position\":1,\"name\":\"Startseite\",\"item\":\"https:\\\/\\\/seydi.at\\\/\"},{\"@type\":\"ListItem\",\"position\":2,\"name\":\"Impressum\"}]},{\"@type\":\"WebSite\",\"@id\":\"https:\\\/\\\/seydi.at\\\/#website\",\"url\":\"https:\\\/\\\/seydi.at\\\/\",\"name\":\"Eildienst Seydi\",\"description\":\"\",\"publisher\":{\"@id\":\"https:\\\/\\\/seydi.at\\\/#organization\"},\"potentialAction\":[{\"@type\":\"SearchAction\",\"target\":{\"@type\":\"EntryPoint\",\"urlTemplate\":\"https:\\\/\\\/seydi.at\\\/?s={search_term_string}\"},\"query-input\":{\"@type\":\"PropertyValueSpecification\",\"valueRequired\":true,\"valueName\":\"search_term_string\"}}],\"inLanguage\":\"de\"},{\"@type\":\"Organization\",\"@id\":\"https:\\\/\\\/seydi.at\\\/#organization\",\"name\":\"Eildienst Seydi\",\"url\":\"https:\\\/\\\/seydi.at\\\/\",\"logo\":{\"@type\":\"ImageObject\",\"inLanguage\":\"de\",\"@id\":\"https:\\\/\\\/seydi.at\\\/#\\\/schema\\\/logo\\\/image\\\/\",\"url\":\"https:\\\/\\\/seydi.at\\\/wp-content\\\/uploads\\\/2023\\\/09\\\/Seydi_logo_footer_2x.png\",\"contentUrl\":\"https:\\\/\\\/seydi.at\\\/wp-content\\\/uploads\\\/2023\\\/09\\\/Seydi_logo_footer_2x.png\",\"width\":226,\"height\":80,\"caption\":\"Eildienst Seydi\"},\"image\":{\"@id\":\"https:\\\/\\\/seydi.at\\\/#\\\/schema\\\/logo\\\/image\\\/\"}}]}<\/script>\n<!-- \/ Yoast SEO plugin. -->","yoast_head_json":{"title":"Impressum - Eildienst Seydi","robots":{"index":"index","follow":"follow","max-snippet":"max-snippet:-1","max-image-preview":"max-image-preview:large","max-video-preview":"max-video-preview:-1"},"canonical":"https:\/\/seydi.at\/?page_id=15127","og_locale":"de_DE","og_type":"article","og_title":"Impressum - Eildienst Seydi","og_description":"SEYDI Kaminsanierungs und Bauprofi GmbH &#8212;&#8212;&#8212;&#8212;&#8212;&#8212;&#8212;&#8212;&#8212;&#8212;&#8212;&#8212;&#8212;&#8212;&#8212;&#8212;- Ratschkygasse 41120 Wien\u00d6sterreichTel.: +43 (0) 1\/ 966 75 09Fax: +43 (0) 1\/ 966 75 09-11E-Mail: office@seydi.atInternet: www.seydi.at Gesch\u00e4ftsf\u00fchrer: Ilgar SeydiGesch\u00e4ftsform: Gesellschaft mit beschr\u00e4nkter HaftungZust\u00e4ndige Kammer: Wirtschaftskammer WienAufsichtsbeh\u00f6rde: Magistratisches Bezirksamt f\u00fcr den XII. Wiener GemeindebezirkFirmenbuch-Nummer: FN 208497 pFirmenbuchgericht: Handelsgericht WienUmsatzsteuer-ID: ATU 51976704 Urheber- und MarkenrechtDas Layout der Homepage, die verwendeten&hellip;","og_url":"https:\/\/seydi.at\/?page_id=15127","og_site_name":"Eildienst Seydi","article_modified_time":"2023-09-19T13:51:00+00:00","twitter_card":"summary_large_image","twitter_misc":{"Gesch\u00e4tzte Lesezeit":"1\u00a0Minute"},"schema":{"@context":"https:\/\/schema.org","@graph":[{"@type":"WebPage","@id":"https:\/\/seydi.at\/?page_id=15127","url":"https:\/\/seydi.at\/?page_id=15127","name":"Impressum - Eildienst Seydi","isPartOf":{"@id":"https:\/\/seydi.at\/#website"},"datePublished":"2023-09-19T13:50:15+00:00","dateModified":"2023-09-19T13:51:00+00:00","breadcrumb":{"@id":"https:\/\/seydi.at\/?page_id=15127#breadcrumb"},"inLanguage":"de","potentialAction":[{"@type":"ReadAction","target":["https:\/\/seydi.at\/?page_id=15127"]}]},{"@type":"BreadcrumbList","@id":"https:\/\/seydi.at\/?page_id=15127#breadcrumb","itemListElement":[{"@type":"ListItem","position":1,"name":"Startseite","item":"https:\/\/seydi.at\/"},{"@type":"ListItem","position":2,"name":"Impressum"}]},{"@type":"WebSite","@id":"https:\/\/seydi.at\/#website","url":"https:\/\/seydi.at\/","name":"Eildienst Seydi","description":"","publisher":{"@id":"https:\/\/seydi.at\/#organization"},"potentialAction":[{"@type":"SearchAction","target":{"@type":"EntryPoint","urlTemplate":"https:\/\/seydi.at\/?s={search_term_string}"},"query-input":{"@type":"PropertyValueSpecification","valueRequired":true,"valueName":"search_term_string"}}],"inLanguage":"de"},{"@type":"Organization","@id":"https:\/\/seydi.at\/#organization","name":"Eildienst Seydi","url":"https:\/\/seydi.at\/","logo":{"@type":"ImageObject","inLanguage":"de","@id":"https:\/\/seydi.at\/#\/schema\/logo\/image\/","url":"https:\/\/seydi.at\/wp-content\/uploads\/2023\/09\/Seydi_logo_footer_2x.png","contentUrl":"https:\/\/seydi.at\/wp-content\/uploads\/2023\/09\/Seydi_logo_footer_2x.png","width":226,"height":80,"caption":"Eildienst Seydi"},"image":{"@id":"https:\/\/seydi.at\/#\/schema\/logo\/image\/"}}]}},"_links":{"self":[{"href":"https:\/\/seydi.at\/index.php?rest_route=\/wp\/v2\/pages\/15127","targetHints":{"allow":["GET"]}}],"collection":[{"href":"https:\/\/seydi.at\/index.php?rest_route=\/wp\/v2\/pages"}],"about":[{"href":"https:\/\/seydi.at\/index.php?rest_route=\/wp\/v2\/types\/page"}],"author":[{"embeddable":true,"href":"https:\/\/seydi.at\/index.php?rest_route=\/wp\/v2\/users\/1"}],"replies":[{"embeddable":true,"href":"https:\/\/seydi.at\/index.php?rest_route=%2Fwp%2Fv2%2Fcomments&post=15127"}],"version-history":[{"count":2,"href":"https:\/\/seydi.at\/index.php?rest_route=\/wp\/v2\/pages\/15127\/revisions"}],"predecessor-version":[{"id":15130,"href":"https:\/\/seydi.at\/index.php?rest_route=\/wp\/v2\/pages\/15127\/revisions\/15130"}],"wp:attachment":[{"href":"https:\/\/seydi.at\/index.php?rest_route=%2Fwp%2Fv2%2Fmedia&parent=15127"}],"curies":[{"name":"wp","href":"https:\/\/api.w.org\/{rel}","templated":true}]}}